{"id":3,"date":"2026-04-20T14:12:36","date_gmt":"2026-04-20T12:12:36","guid":{"rendered":"https:\/\/www.alex-nagel.de\/?page_id=3"},"modified":"2026-04-20T14:56:24","modified_gmt":"2026-04-20T12:56:24","slug":"datenschutzerklaerung","status":"publish","type":"page","link":"https:\/\/www.alex-nagel.de\/?page_id=3","title":{"rendered":"Datenschutzerkl\u00e4rung"},"content":{"rendered":"\n<div class=\"datenschutz-container\" style=\"font-family: sans-serif; line-height: 1.6; color: #333; text-align: left;\">\n\n    <h2>1. Datenschutz auf einen Blick<\/h2>\n    <h3>Allgemeine Hinweise<\/h3>\n    <p>Die folgenden Hinweise geben einen einfachen \u00dcberblick dar\u00fcber, was mit Ihren personenbezogenen Daten passiert, wenn Sie diese Website besuchen. Personenbezogene Daten sind alle Daten, mit denen Sie pers\u00f6nlich identifiziert werden k\u00f6nnen.<\/p>\n\n    <h3>Datenerfassung auf dieser Website<\/h3>\n    <p><strong>Wer ist verantwortlich f\u00fcr die Datenerfassung auf dieser Website?<\/strong><br>\n    Die Datenverarbeitung auf dieser Website erfolgt durch den Websitebetreiber:<\/p>\n    <p>Alexander Nagel<br>\n    Friedrichstra\u00dfe 63<br>\n    76344 Eggenstein-Leopoldshafen<br>\n    E-Mail: mail@alex-nagel.de<\/p>\n\n    <h2>2. Hosting<\/h2>\n    <p>Ich hoste die Inhalte meiner Website bei folgendem Anbieter:<\/p>\n    <p><strong>ALL-INKL.COM &#8211; Neue Medien M\u00fcnnich <\/strong><\/p>\n    <p>Die personenbezogenen Daten, die auf dieser Website erfasst werden, werden auf den Servern des Hosters gespeichert. Das Hosting erfolgt auf Grundlage von Art. 6 Abs. 1 lit. f DSGVO (berechtigtes Interesse an einer sicheren Bereitstellung des Angebots).<\/p>\n\n    <h2>3. Allgemeine Hinweise und Pflichtinformationen<\/h2>\n    <p>Der Betreiber dieser Seiten nimmt den Schutz Ihrer pers\u00f6nlichen Daten sehr ernst. Wir behandeln Ihre personenbezogenen Daten vertraulich und entsprechend den gesetzlichen Datenschutzvorschriften sowie dieser Datenschutzerkl\u00e4rung.<\/p>\n    <p><strong>Hinweis zur Datenweitergabe bei Verlinkung:<\/strong> Diese Seite dient als Portal zu meinen Musikprojekten Mobile Gentlemen (www.mobile-gentlemen.de) und Swing Caf\u00e9 (www.swingcafe.band). Wenn Sie auf diese Links klicken, verlassen Sie diese Website. F\u00fcr die Zielseiten gelten die dort hinterlegten Datenschutzerkl\u00e4rungen.<\/p>\n\n    <h2>4. Datenerfassung auf dieser Website<\/h2>\n    <h3>Server-Log-Dateien<\/h3>\n    <p>Der Provider der Seiten erhebt und speichert automatisch Informationen in sogenannten Server-Log-Dateien, die Ihr Browser automatisch an uns \u00fcbermittelt. Dies sind:<\/p>\n    <ul>\n        <li>Browsertyp und Browserversion<\/li>\n        <li>Verwendetes Betriebssystem<\/li>\n        <li>Referrer URL<\/li>\n        <li>Hostname des zugreifenden Rechners<\/li>\n        <li>Uhrzeit der Serveranfrage<\/li>\n        <li>IP-Adresse<\/li>\n    <\/ul>\n    <p>Eine Zusammenf\u00fchrung dieser Daten mit anderen Datenquellen wird nicht vorgenommen.<\/p>\n\n    <h3>E-Mail \/ Kontaktanfragen<\/h3>\n    <p>Wenn Sie mir per E-Mail Anfragen zukommen lassen, werden Ihre Angaben inklusive der von Ihnen dort angegebenen Kontaktdaten zwecks Bearbeitung der Anfrage und f\u00fcr den Fall von Anschlussfragen bei mir gespeichert. Diese Daten gebe ich nicht ohne Ihre Einwilligung weiter.<\/p>\n\n    <h2>5. Ihre Rechte (Auskunft, L\u00f6schung, Sperrung)<\/h2>\n    <p>Sie haben im Rahmen der geltenden gesetzlichen Bestimmungen jederzeit das Recht auf unentgeltliche Auskunft \u00fcber Ihre gespeicherten personenbezogenen Daten, deren Herkunft und Empf\u00e4nger und den Zweck der Datenverarbeitung und ggf. ein Recht auf Berichtigung oder L\u00f6schung dieser Daten. Hierzu sowie zu weiteren Fragen zum Thema personenbezogene Daten k\u00f6nnen Sie sich jederzeit unter der im Impressum angegebenen Adresse an mich wenden.<\/p>\n\n<\/div>\n","protected":false},"excerpt":{"rendered":"<p>1. Datenschutz auf einen Blick Allgemeine Hinweise Die folgenden Hinweise geben einen einfachen \u00dcberblick dar\u00fcber, was mit Ihren personenbezogenen Daten passiert, wenn Sie diese Website besuchen. Personenbezogene Daten sind alle Daten, mit denen Sie pers\u00f6nlich identifiziert werden k\u00f6nnen. Datenerfassung auf dieser Website Wer ist verantwortlich f\u00fcr die Datenerfassung auf dieser Website? Die Datenverarbeitung auf dieser [&hellip;]<\/p>\n","protected":false},"author":1,"featured_media":0,"parent":0,"menu_order":0,"comment_status":"closed","ping_status":"open","template":"","meta":{"footnotes":""},"class_list":["post-3","page","type-page","status-publish","hentry"],"_links":{"self":[{"href":"https:\/\/www.alex-nagel.de\/index.php?rest_route=\/wp\/v2\/pages\/3","targetHints":{"allow":["GET"]}}],"collection":[{"href":"https:\/\/www.alex-nagel.de\/index.php?rest_route=\/wp\/v2\/pages"}],"about":[{"href":"https:\/\/www.alex-nagel.de\/index.php?rest_route=\/wp\/v2\/types\/page"}],"author":[{"embeddable":true,"href":"https:\/\/www.alex-nagel.de\/index.php?rest_route=\/wp\/v2\/users\/1"}],"replies":[{"embeddable":true,"href":"https:\/\/www.alex-nagel.de\/index.php?rest_route=%2Fwp%2Fv2%2Fcomments&post=3"}],"version-history":[{"count":3,"href":"https:\/\/www.alex-nagel.de\/index.php?rest_route=\/wp\/v2\/pages\/3\/revisions"}],"predecessor-version":[{"id":22,"href":"https:\/\/www.alex-nagel.de\/index.php?rest_route=\/wp\/v2\/pages\/3\/revisions\/22"}],"wp:attachment":[{"href":"https:\/\/www.alex-nagel.de\/index.php?rest_route=%2Fwp%2Fv2%2Fmedia&parent=3"}],"curies":[{"name":"wp","href":"https:\/\/api.w.org\/{rel}","templated":true}]}}